{"id":14,"date":"2024-07-29T10:39:23","date_gmt":"2024-07-29T10:39:23","guid":{"rendered":"https:\/\/apfeltrester-roding.de\/shop\/zahlungsweisen\/"},"modified":"2024-10-21T11:43:54","modified_gmt":"2024-10-21T09:43:54","slug":"zahlungsweisen","status":"publish","type":"page","link":"https:\/\/apfeltrester-roding.de\/shop\/zahlungsweisen\/","title":{"rendered":"Zahlungsweisen"},"content":{"rendered":"<div class=\"wpb-content-wrapper\">[vc_row][vc_column el_class=&#8220;paddinguberschriftwenig&#8220;][vc_row_inner][vc_column_inner][vc_custom_heading text=&#8220;Zahlungsweisen&#8220; font_container=&#8220;tag:h1|text_align:left|color:%23368e23&#8243; use_theme_fonts=&#8220;yes&#8220; css=&#8220;&#8220;][\/vc_column_inner][\/vc_row_inner][\/vc_column][\/vc_row][vc_row][vc_column el_class=&#8220;paddinguberschriftwenig&#8220;][vc_column_text css=&#8220;&#8220; el_class=&#8220;paddinguberschriftwenig&#8220;]\n<div>In unserem Shop bieten wir Ihnen zwei bequeme Zahlungsmethoden an, die Ihnen gr\u00f6\u00dftm\u00f6gliche Flexibilit\u00e4t und Sicherheit bieten:<\/div>\n[\/vc_column_text][vc_column_text css=&#8220;&#8220; el_class=&#8220;paddinguberschriftwenig&#8220;]\n<div><strong>1. Barzahlung bei Abholung<\/strong><br \/>\nSie m\u00f6chten Ihre Bestellung pers\u00f6nlich bei uns abholen? Kein Problem! Bei der Abholung in unserem Ladengesch\u00e4ft haben Sie die M\u00f6glichkeit, Ihre Ware einfach und unkompliziert in bar zu bezahlen. Unsere Mitarbeiter stehen Ihnen vor Ort zur Verf\u00fcgung und sorgen f\u00fcr eine reibungslose Abwicklung.<\/div>\n[\/vc_column_text][vc_column_text css=&#8220;&#8220;]\n<div><strong>2. Zahlung auf Rechnung\u2028<\/strong><br \/>\nWenn Sie es bevorzugen, erst nach Erhalt der Ware zu zahlen, bieten wir Ihnen die bequeme M\u00f6glichkeit der Zahlung auf Rechnung. Sie erhalten nach Abschluss Ihrer Bestellung eine Rechnung und haben 14 Tage Zeit, den Betrag bequem per \u00dcberweisung zu begleichen. So k\u00f6nnen Sie die Ware erst pr\u00fcfen und dann zahlen.<\/div>\n[\/vc_column_text][\/vc_column][\/vc_row]\n<\/div>","protected":false},"excerpt":{"rendered":"<p>[vc_row][vc_column el_class=&#8220;paddinguberschriftwenig&#8220;][vc_row_inner][vc_column_inner][vc_custom_heading text=&#8220;Zahlungsweisen&#8220; font_container=&#8220;tag:h1|text_align:left|color:%23368e23&#8243; use_theme_fonts=&#8220;yes&#8220; css=&#8220;&#8220;][\/vc_column_inner][\/vc_row_inner][\/vc_column][\/vc_row][vc_row][vc_column el_class=&#8220;paddinguberschriftwenig&#8220;][vc_column_text css=&#8220;&#8220; el_class=&#8220;paddinguberschriftwenig&#8220;] In unserem Shop bieten wir Ihnen zwei bequeme Zahlungsmethoden an, die Ihnen gr\u00f6\u00dftm\u00f6gliche Flexibilit\u00e4t und Sicherheit bieten:<span class=\"excerpt-hellip\"> [\u2026]<\/span><\/p>\n","protected":false},"author":2,"featured_media":0,"parent":0,"menu_order":11,"comment_status":"closed","ping_status":"closed","template":"","meta":{"footnotes":""},"class_list":["post-14","page","type-page","status-publish","hentry"],"yoast_head":"<!-- This site is optimized with the Yoast SEO plugin v24.4 - https:\/\/yoast.com\/wordpress\/plugins\/seo\/ -->\n<title>Zahlungsweisen - Apfeltrester Roding Shop<\/title>\n<meta name=\"robots\" content=\"index, follow, max-snippet:-1, max-image-preview:large, max-video-preview:-1\" \/>\n<link rel=\"canonical\" href=\"https:\/\/apfeltrester-roding.de\/shop\/zahlungsweisen\/\" \/>\n<meta property=\"og:locale\" content=\"de_DE\" \/>\n<meta property=\"og:type\" content=\"article\" \/>\n<meta property=\"og:title\" content=\"Zahlungsweisen - Apfeltrester Roding Shop\" \/>\n<meta property=\"og:description\" content=\"[vc_row][vc_column el_class=&#8220;paddinguberschriftwenig&#8220;][vc_row_inner][vc_column_inner][vc_custom_heading text=&#8220;Zahlungsweisen&#8220; font_container=&#8220;tag:h1|text_align:left|color:%23368e23&#8243; use_theme_fonts=&#8220;yes&#8220; css=&#8220;&#8220;][\/vc_column_inner][\/vc_row_inner][\/vc_column][\/vc_row][vc_row][vc_column el_class=&#8220;paddinguberschriftwenig&#8220;][vc_column_text css=&#8220;&#8220; el_class=&#8220;paddinguberschriftwenig&#8220;] In unserem Shop bieten wir Ihnen zwei bequeme Zahlungsmethoden an, die Ihnen gr\u00f6\u00dftm\u00f6gliche Flexibilit\u00e4t und Sicherheit bieten: [\u2026]\" \/>\n<meta property=\"og:url\" content=\"https:\/\/apfeltrester-roding.de\/shop\/zahlungsweisen\/\" \/>\n<meta property=\"og:site_name\" content=\"Apfeltrester Roding Shop\" \/>\n<meta property=\"article:modified_time\" content=\"2024-10-21T09:43:54+00:00\" \/>\n<meta name=\"twitter:card\" content=\"summary_large_image\" \/>\n<meta name=\"twitter:label1\" content=\"Gesch\u00e4tzte Lesezeit\" \/>\n\t<meta name=\"twitter:data1\" content=\"1 Minute\" \/>\n<script type=\"application\/ld+json\" class=\"yoast-schema-graph\">{\"@context\":\"https:\/\/schema.org\",\"@graph\":[{\"@type\":\"WebPage\",\"@id\":\"https:\/\/apfeltrester-roding.de\/shop\/zahlungsweisen\/\",\"url\":\"https:\/\/apfeltrester-roding.de\/shop\/zahlungsweisen\/\",\"name\":\"Zahlungsweisen - Apfeltrester Roding Shop\",\"isPartOf\":{\"@id\":\"https:\/\/apfeltrester-roding.de\/shop\/#website\"},\"datePublished\":\"2024-07-29T10:39:23+00:00\",\"dateModified\":\"2024-10-21T09:43:54+00:00\",\"breadcrumb\":{\"@id\":\"https:\/\/apfeltrester-roding.de\/shop\/zahlungsweisen\/#breadcrumb\"},\"inLanguage\":\"de-DE\",\"potentialAction\":[{\"@type\":\"ReadAction\",\"target\":[\"https:\/\/apfeltrester-roding.de\/shop\/zahlungsweisen\/\"]}]},{\"@type\":\"BreadcrumbList\",\"@id\":\"https:\/\/apfeltrester-roding.de\/shop\/zahlungsweisen\/#breadcrumb\",\"itemListElement\":[{\"@type\":\"ListItem\",\"position\":1,\"name\":\"Startseite\",\"item\":\"https:\/\/apfeltrester-roding.de\/shop\/\"},{\"@type\":\"ListItem\",\"position\":2,\"name\":\"Zahlungsweisen\"}]},{\"@type\":\"WebSite\",\"@id\":\"https:\/\/apfeltrester-roding.de\/shop\/#website\",\"url\":\"https:\/\/apfeltrester-roding.de\/shop\/\",\"name\":\"Apfeltrester Roding Shop\",\"description\":\"Apfelnasstrester\",\"potentialAction\":[{\"@type\":\"SearchAction\",\"target\":{\"@type\":\"EntryPoint\",\"urlTemplate\":\"https:\/\/apfeltrester-roding.de\/shop\/?s={search_term_string}\"},\"query-input\":{\"@type\":\"PropertyValueSpecification\",\"valueRequired\":true,\"valueName\":\"search_term_string\"}}],\"inLanguage\":\"de-DE\"}]}<\/script>\n<!-- \/ Yoast SEO plugin. -->","yoast_head_json":{"title":"Zahlungsweisen - Apfeltrester Roding Shop","robots":{"index":"index","follow":"follow","max-snippet":"max-snippet:-1","max-image-preview":"max-image-preview:large","max-video-preview":"max-video-preview:-1"},"canonical":"https:\/\/apfeltrester-roding.de\/shop\/zahlungsweisen\/","og_locale":"de_DE","og_type":"article","og_title":"Zahlungsweisen - Apfeltrester Roding Shop","og_description":"[vc_row][vc_column el_class=&#8220;paddinguberschriftwenig&#8220;][vc_row_inner][vc_column_inner][vc_custom_heading text=&#8220;Zahlungsweisen&#8220; font_container=&#8220;tag:h1|text_align:left|color:%23368e23&#8243; use_theme_fonts=&#8220;yes&#8220; css=&#8220;&#8220;][\/vc_column_inner][\/vc_row_inner][\/vc_column][\/vc_row][vc_row][vc_column el_class=&#8220;paddinguberschriftwenig&#8220;][vc_column_text css=&#8220;&#8220; el_class=&#8220;paddinguberschriftwenig&#8220;] In unserem Shop bieten wir Ihnen zwei bequeme Zahlungsmethoden an, die Ihnen gr\u00f6\u00dftm\u00f6gliche Flexibilit\u00e4t und Sicherheit bieten: [\u2026]","og_url":"https:\/\/apfeltrester-roding.de\/shop\/zahlungsweisen\/","og_site_name":"Apfeltrester Roding Shop","article_modified_time":"2024-10-21T09:43:54+00:00","twitter_card":"summary_large_image","twitter_misc":{"Gesch\u00e4tzte Lesezeit":"1 Minute"},"schema":{"@context":"https:\/\/schema.org","@graph":[{"@type":"WebPage","@id":"https:\/\/apfeltrester-roding.de\/shop\/zahlungsweisen\/","url":"https:\/\/apfeltrester-roding.de\/shop\/zahlungsweisen\/","name":"Zahlungsweisen - Apfeltrester Roding Shop","isPartOf":{"@id":"https:\/\/apfeltrester-roding.de\/shop\/#website"},"datePublished":"2024-07-29T10:39:23+00:00","dateModified":"2024-10-21T09:43:54+00:00","breadcrumb":{"@id":"https:\/\/apfeltrester-roding.de\/shop\/zahlungsweisen\/#breadcrumb"},"inLanguage":"de-DE","potentialAction":[{"@type":"ReadAction","target":["https:\/\/apfeltrester-roding.de\/shop\/zahlungsweisen\/"]}]},{"@type":"BreadcrumbList","@id":"https:\/\/apfeltrester-roding.de\/shop\/zahlungsweisen\/#breadcrumb","itemListElement":[{"@type":"ListItem","position":1,"name":"Startseite","item":"https:\/\/apfeltrester-roding.de\/shop\/"},{"@type":"ListItem","position":2,"name":"Zahlungsweisen"}]},{"@type":"WebSite","@id":"https:\/\/apfeltrester-roding.de\/shop\/#website","url":"https:\/\/apfeltrester-roding.de\/shop\/","name":"Apfeltrester Roding Shop","description":"Apfelnasstrester","potentialAction":[{"@type":"SearchAction","target":{"@type":"EntryPoint","urlTemplate":"https:\/\/apfeltrester-roding.de\/shop\/?s={search_term_string}"},"query-input":{"@type":"PropertyValueSpecification","valueRequired":true,"valueName":"search_term_string"}}],"inLanguage":"de-DE"}]}},"_links":{"self":[{"href":"https:\/\/apfeltrester-roding.de\/shop\/wp-json\/wp\/v2\/pages\/14"}],"collection":[{"href":"https:\/\/apfeltrester-roding.de\/shop\/wp-json\/wp\/v2\/pages"}],"about":[{"href":"https:\/\/apfeltrester-roding.de\/shop\/wp-json\/wp\/v2\/types\/page"}],"author":[{"embeddable":true,"href":"https:\/\/apfeltrester-roding.de\/shop\/wp-json\/wp\/v2\/users\/2"}],"replies":[{"embeddable":true,"href":"https:\/\/apfeltrester-roding.de\/shop\/wp-json\/wp\/v2\/comments?post=14"}],"version-history":[{"count":7,"href":"https:\/\/apfeltrester-roding.de\/shop\/wp-json\/wp\/v2\/pages\/14\/revisions"}],"predecessor-version":[{"id":484,"href":"https:\/\/apfeltrester-roding.de\/shop\/wp-json\/wp\/v2\/pages\/14\/revisions\/484"}],"wp:attachment":[{"href":"https:\/\/apfeltrester-roding.de\/shop\/wp-json\/wp\/v2\/media?parent=14"}],"curies":[{"name":"wp","href":"https:\/\/api.w.org\/{rel}","templated":true}]}}